{"id":12499,"date":"2024-10-24T16:46:09","date_gmt":"2024-10-24T14:46:09","guid":{"rendered":"https:\/\/drporta.com\/curriculum\/"},"modified":"2025-02-17T20:05:44","modified_gmt":"2025-02-17T19:05:44","slug":"curriculum","status":"publish","type":"page","link":"https:\/\/drporta.com\/en\/curriculum\/","title":{"rendered":"Curr\u00edculum"},"content":{"rendered":"\t\t<div data-elementor-type=\"wp-page\" data-elementor-id=\"12499\" class=\"elementor elementor-12499 elementor-11265\" data-elementor-post-type=\"page\">\n\t\t\t\t\t\t<section class=\"elementor-section elementor-top-section elementor-element elementor-element-7b0100db elementor-section-height-min-height elementor-section-items-stretch elementor-section-content-middle elementor-reverse-tablet elementor-reverse-mobile elementor-section-boxed elementor-section-height-default\" data-id=\"7b0100db\" data-element_type=\"section\">\n\t\t\t\t\t\t<div class=\"elementor-container elementor-column-gap-wider\">\n\t\t\t\t\t<div class=\"elementor-column elementor-col-50 elementor-top-column elementor-element elementor-element-4440f8a9\" data-id=\"4440f8a9\" data-element_type=\"column\">\n\t\t\t<div class=\"elementor-widget-wrap elementor-element-populated\">\n\t\t\t\t\t\t<div class=\"elementor-element elementor-element-1c1b6f60 elementor-widget elementor-widget-spacer\" data-id=\"1c1b6f60\" data-element_type=\"widget\" data-widget_type=\"spacer.default\">\n\t\t\t\t<div class=\"elementor-widget-container\">\n\t\t\t\t\t\t\t<div class=\"elementor-spacer\">\n\t\t\t<div class=\"elementor-spacer-inner\"><\/div>\n\t\t<\/div>\n\t\t\t\t\t\t<\/div>\n\t\t\t\t<\/div>\n\t\t\t\t<div class=\"elementor-element elementor-element-ed8d118 elementor-widget elementor-widget-text-editor\" data-id=\"ed8d118\" data-element_type=\"widget\" data-widget_type=\"text-editor.default\">\n\t\t\t\t<div class=\"elementor-widget-container\">\n\t\t\t\t\t\t\t\t\t<p>Soy licenciado en Medicina y Cirug\u00eda y doctor en Neurociencias por la Universidad Complutense de Madrid. Mi trayectoria profesional me ha permitido consolidarme como un referente en neurolog\u00eda cl\u00ednica, especialmente en \u00e1reas como las cefaleas, la neurooftalmolog\u00eda, neurotolog\u00eda y trastornos funcionales. Actualmente, tengo el honor de presidir la <strong>Sociedad Espa\u00f1ola de Neurolog\u00eda<\/strong> y ocupar la vicepresidencia del <strong>Consejo Espa\u00f1ol del Cerebro <\/strong>y ser<strong> Fellow <\/strong>por la<strong> European Academy of Neurolog\u00eda<\/strong>. Adem\u00e1s, lidero el <strong>Servicio de Neurolog\u00eda del Hospital Universitario Fundaci\u00f3n Jim\u00e9nez D\u00edaz<\/strong> y he desempe\u00f1ado labores docentes en la <b>Universidad Complutense de Madrid <\/b>durante m\u00e1s de 16 a\u00f1os<\/p><p>Con m\u00e1s de 25 a\u00f1os de experiencia, he contribuido a la neurolog\u00eda con m\u00e1s de 250 art\u00edculos publicados en revistas internacionales, m\u00e1s de 50 cap\u00edtulos de libros y m\u00e1s de 100 ponencias cient\u00edficas. A lo largo de mi carrera, he combinado mi labor cl\u00ednica, docente, investigadora, divulgativa y de gesti\u00f3n, lo que me ha permitido recibir reconocimientos como el premio cient\u00edfico de la Sociedad Espa\u00f1ola de Neurolog\u00eda por mis investigaciones en cefaleas, el galard\u00f3n <strong>Best in Class<\/strong> para nuestra unidad de cefaleas, y figurar en los rankings de los mejores m\u00e9dicos de Espa\u00f1a, seg\u00fan El Confidencial (2023 y 2024) y premio merco al liderazgo reputacional en Neurolog\u00eda los a\u00f1os 2023 y 2024.<\/p><p>Mi compromiso siempre ha sido avanzar en el conocimiento de las enfermedades neurol\u00f3gicas y, sobre todo, mejorar la calidad de vida de los pacientes, impulsando la neurolog\u00eda como una disciplina que combina ciencia, \u00e9tica y humanidad. por<\/p>\t\t\t\t\t\t\t\t<\/div>\n\t\t\t\t<\/div>\n\t\t\t\t\t<\/div>\n\t\t<\/div>\n\t\t\t\t<div class=\"elementor-column elementor-col-50 elementor-top-column elementor-element elementor-element-5d36eb95\" data-id=\"5d36eb95\" data-element_type=\"column\">\n\t\t\t<div class=\"elementor-widget-wrap elementor-element-populated\">\n\t\t\t\t\t\t<div class=\"elementor-element elementor-element-5eea5423 elementor-widget__width-initial elementor-widget-mobile__width-auto contimg elementor-widget elementor-widget-image\" data-id=\"5eea5423\" data-element_type=\"widget\" data-widget_type=\"image.default\">\n\t\t\t\t<div class=\"elementor-widget-container\">\n\t\t\t\t\t\t\t\t\t\t\t\t\t\t\t<img decoding=\"async\" src=\"https:\/\/drporta.com\/wp-content\/uploads\/elementor\/thumbs\/Dr.-Jesus-Porta-r1b8t46c9rcaj0onb99bekh07fk8d2cqs4kf8gcdu8.jpg\" title=\"Presidente y Junta SEN 2022\" alt=\"Presidente y Junta SEN 2022\" loading=\"lazy\" \/>\t\t\t\t\t\t\t\t\t\t\t\t\t\t\t<\/div>\n\t\t\t\t<\/div>\n\t\t\t\t<div class=\"elementor-element elementor-element-6562d118 elementor-widget__width-initial elementor-widget-mobile__width-auto elementor-absolute e-transform e-transform elementor-widget elementor-widget-image\" data-id=\"6562d118\" data-element_type=\"widget\" data-settings=\"{&quot;_position&quot;:&quot;absolute&quot;,&quot;_transform_translateX_effect&quot;:{&quot;unit&quot;:&quot;%&quot;,&quot;size&quot;:-18,&quot;sizes&quot;:[]},&quot;_transform_translateX_effect_tablet&quot;:{&quot;unit&quot;:&quot;%&quot;,&quot;size&quot;:&quot;&quot;,&quot;sizes&quot;:[]},&quot;_transform_translateX_effect_mobile&quot;:{&quot;unit&quot;:&quot;%&quot;,&quot;size&quot;:&quot;&quot;,&quot;sizes&quot;:[]},&quot;_transform_translateY_effect&quot;:{&quot;unit&quot;:&quot;%&quot;,&quot;size&quot;:-17,&quot;sizes&quot;:[]},&quot;_transform_translateY_effect_tablet&quot;:{&quot;unit&quot;:&quot;%&quot;,&quot;size&quot;:&quot;&quot;,&quot;sizes&quot;:[]},&quot;_transform_translateY_effect_mobile&quot;:{&quot;unit&quot;:&quot;%&quot;,&quot;size&quot;:&quot;&quot;,&quot;sizes&quot;:[]},&quot;_transform_scale_effect&quot;:{&quot;unit&quot;:&quot;px&quot;,&quot;size&quot;:0.6,&quot;sizes&quot;:[]},&quot;_transform_scale_effect_tablet&quot;:{&quot;unit&quot;:&quot;px&quot;,&quot;size&quot;:&quot;&quot;,&quot;sizes&quot;:[]},&quot;_transform_scale_effect_mobile&quot;:{&quot;unit&quot;:&quot;px&quot;,&quot;size&quot;:&quot;&quot;,&quot;sizes&quot;:[]}}\" data-widget_type=\"image.default\">\n\t\t\t\t<div class=\"elementor-widget-container\">\n\t\t\t\t\t\t\t\t\t\t\t\t\t\t\t<img decoding=\"async\" src=\"https:\/\/drporta.com\/wp-content\/uploads\/2022\/10\/sqr021-col1.svg\" title=\"sqr021-col1\" alt=\"sqr021-col1\" loading=\"lazy\" \/>\t\t\t\t\t\t\t\t\t\t\t\t\t\t\t<\/div>\n\t\t\t\t<\/div>\n\t\t\t\t<div class=\"elementor-element elementor-element-7507eaf1 elementor-widget__width-initial elementor-widget-mobile__width-auto elementor-absolute e-transform e-transform elementor-widget elementor-widget-image\" data-id=\"7507eaf1\" data-element_type=\"widget\" data-settings=\"{&quot;_position&quot;:&quot;absolute&quot;,&quot;_transform_translateX_effect&quot;:{&quot;unit&quot;:&quot;%&quot;,&quot;size&quot;:21,&quot;sizes&quot;:[]},&quot;_transform_translateX_effect_tablet&quot;:{&quot;unit&quot;:&quot;%&quot;,&quot;size&quot;:&quot;&quot;,&quot;sizes&quot;:[]},&quot;_transform_translateX_effect_mobile&quot;:{&quot;unit&quot;:&quot;%&quot;,&quot;size&quot;:&quot;&quot;,&quot;sizes&quot;:[]},&quot;_transform_translateY_effect&quot;:{&quot;unit&quot;:&quot;%&quot;,&quot;size&quot;:28,&quot;sizes&quot;:[]},&quot;_transform_translateY_effect_tablet&quot;:{&quot;unit&quot;:&quot;%&quot;,&quot;size&quot;:&quot;&quot;,&quot;sizes&quot;:[]},&quot;_transform_translateY_effect_mobile&quot;:{&quot;unit&quot;:&quot;%&quot;,&quot;size&quot;:&quot;&quot;,&quot;sizes&quot;:[]},&quot;_transform_scale_effect&quot;:{&quot;unit&quot;:&quot;px&quot;,&quot;size&quot;:0.28,&quot;sizes&quot;:[]},&quot;motion_fx_motion_fx_scrolling&quot;:&quot;yes&quot;,&quot;motion_fx_translateY_effect&quot;:&quot;yes&quot;,&quot;motion_fx_translateY_direction&quot;:&quot;negative&quot;,&quot;motion_fx_translateY_speed&quot;:{&quot;unit&quot;:&quot;px&quot;,&quot;size&quot;:&quot;&quot;,&quot;sizes&quot;:[]},&quot;motion_fx_translateY_affectedRange&quot;:{&quot;unit&quot;:&quot;%&quot;,&quot;size&quot;:&quot;&quot;,&quot;sizes&quot;:{&quot;start&quot;:0,&quot;end&quot;:100}},&quot;motion_fx_devices&quot;:[&quot;desktop&quot;,&quot;tablet&quot;,&quot;mobile&quot;],&quot;_transform_scale_effect_tablet&quot;:{&quot;unit&quot;:&quot;px&quot;,&quot;size&quot;:&quot;&quot;,&quot;sizes&quot;:[]},&quot;_transform_scale_effect_mobile&quot;:{&quot;unit&quot;:&quot;px&quot;,&quot;size&quot;:&quot;&quot;,&quot;sizes&quot;:[]}}\" data-widget_type=\"image.default\">\n\t\t\t\t<div class=\"elementor-widget-container\">\n\t\t\t\t\t\t\t\t\t\t\t\t\t\t\t<img decoding=\"async\" src=\"https:\/\/drporta.com\/wp-content\/uploads\/2022\/10\/sqr021-col2.svg\" title=\"sqr021-col2\" alt=\"sqr021-col2\" loading=\"lazy\" \/>\t\t\t\t\t\t\t\t\t\t\t\t\t\t\t<\/div>\n\t\t\t\t<\/div>\n\t\t\t\t\t<\/div>\n\t\t<\/div>\n\t\t\t\t\t<\/div>\n\t\t<\/section>\n\t\t\t\t<section class=\"elementor-section elementor-top-section elementor-element elementor-element-ed1287e elementor-section-height-min-height elementor-section-items-stretch elementor-section-content-middle elementor-reverse-tablet elementor-reverse-mobile elementor-section-boxed elementor-section-height-default\" data-id=\"ed1287e\" data-element_type=\"section\">\n\t\t\t\t\t\t<div class=\"elementor-container elementor-column-gap-wider\">\n\t\t\t\t\t<div class=\"elementor-column elementor-col-100 elementor-top-column elementor-element elementor-element-45a0593\" data-id=\"45a0593\" data-element_type=\"column\">\n\t\t\t<div class=\"elementor-widget-wrap elementor-element-populated\">\n\t\t\t\t\t\t<div class=\"elementor-element elementor-element-25c6ff4 elementor-widget elementor-widget-text-editor\" data-id=\"25c6ff4\" data-element_type=\"widget\" data-widget_type=\"text-editor.default\">\n\t\t\t\t<div class=\"elementor-widget-container\">\n\t\t\t\t\t\t\t\t\t<h3>Formaci\u00f3n Acad\u00e9mica y Especializaci\u00f3n<\/h3><ul><li><strong>Doctor en Medicina<\/strong> y <strong>Licenciado en Medicina y Cirug\u00eda<\/strong> por la Universidad Complutense de Madrid.<\/li><li><strong>M\u00e1ster en Estad\u00edstica y Epidemiolog\u00eda<\/strong> por la UNED.<\/li><li>Curs\u00f3 el programa de <strong>Liderazgo y Direcci\u00f3n Estrat\u00e9gica de Sociedades Cient\u00edficas<\/strong> de ESADE y el de <strong>Alta Direcci\u00f3n de Instituciones Sanitarias<\/strong> del IESE.<\/li><li>Residencia de neurolog\u00eda en el <strong>Hospital Universitario \u201c12 de Octubre\u201d de Madrid<\/strong>.<\/li><li>Complet\u00f3 su formaci\u00f3n en el centro neurooncol\u00f3gico <strong>Sloan Kettering<\/strong> de Nueva York.<\/li><\/ul><h3>Experiencia Profesional<\/h3><ul><li><strong>Jefe de Secci\u00f3n de Neurolog\u00eda<\/strong> en el <strong>Hospital Cl\u00ednico San Carlos de Madrid<\/strong>, en la unidad de hospitalizaci\u00f3n, cefaleas y neurootooftalmolog\u00eda.<\/li><li><strong>Director General de la Fundaci\u00f3n del Cerebro<\/strong>.<\/li><li><strong>Profesor asociado<\/strong> en la Universidad Complutense de Madrid, donde imparte clases de patolog\u00eda general y neurolog\u00eda.<\/li><li><strong>Tutor de residentes<\/strong> y miembro de la <strong>comisi\u00f3n cl\u00ednica de avances en medios terap\u00e9uticos<\/strong> en el Instituto de Neurociencias.<\/li><\/ul>\t\t\t\t\t\t\t\t<\/div>\n\t\t\t\t<\/div>\n\t\t\t\t<div class=\"elementor-element elementor-element-d5de23c elementor-widget elementor-widget-text-editor\" data-id=\"d5de23c\" data-element_type=\"widget\" data-widget_type=\"text-editor.default\">\n\t\t\t\t<div class=\"elementor-widget-container\">\n\t\t\t\t\t\t\t\t\t<h3><span style=\"color: var(--textcolor,var(--the7-h3-color)); letter-spacing: var(--the7-h3-letter-spacing); text-transform: var(--the7-h3-text-transform); word-spacing: var(--the7-h3-word-spacing); background-color: rgba(255, 255, 255, 0);\">Participaci\u00f3n en Sociedades Cient\u00edficas y Asociaciones<\/span><\/h3><ul><li><strong>Miembro de la Sociedad Espa\u00f1ola de Neurolog\u00eda<\/strong>, donde ha sido Director del \u00c1rea de Cultura y ha dirigido las vocal\u00edas de comunicaci\u00f3n y relaciones internacionales.<\/li><li>Miembro de la junta de los <strong>grupos de estudio de cefaleas y neurooftalmolog\u00eda<\/strong>, donde es uno de los promotores.<\/li><li><strong>Vocal de la Asociaci\u00f3n Madrile\u00f1a de Neurolog\u00eda<\/strong>.<\/li><li>Miembro de honor de varias <strong>asociaciones de pacientes<\/strong>.<\/li><\/ul><h3>Divulgaci\u00f3n y Actividades de Difusi\u00f3n<\/h3><ul><li>Promotor de <strong>actividades de divulgaci\u00f3n<\/strong>, como &#8220;<a href=\"https:\/\/www.youtube.com\/results?search_query=el+arte+y+las+mariposas+del+alma+dr+porta\" target=\"_blank\" rel=\"noopener\">El Arte y las Mariposas del Alma<\/a>&#8220;, que explora la relaci\u00f3n entre neurolog\u00eda y artes.<\/li><li><a href=\"https:\/\/www.semanadelcerebro.es\/\" target=\"_blank\" rel=\"noopener\"><strong>Principal promotor de la Semana del Cerebro<\/strong><\/a>, evento dedicado a la difusi\u00f3n de conocimientos sobre enfermedades neurol\u00f3gicas.<\/li><li>Director del encuentro <strong>&#8220;Un d\u00eda m\u00e1s&#8221;<\/strong>, para abordar la enfermedad desde diversas perspectivas.<\/li><li>Codirector del <strong>Congreso de Residentes de Neurolog\u00eda<\/strong> y de la <strong>Academia de Semiolog\u00eda<\/strong>, iniciativas centradas en la formaci\u00f3n y la reflexi\u00f3n sobre la neurolog\u00eda.<\/li><\/ul><div><img fetchpriority=\"high\" decoding=\"async\" class=\"alignnone wp-image-12081 size-full\" src=\"https:\/\/dev.drporta.com\/wp-content\/uploads\/2024\/12\/Curriculum-Divulgacion-3-e1738152511610.jpg\" alt=\"\" width=\"1645\" height=\"990\" srcset=\"https:\/\/drporta.com\/wp-content\/uploads\/2024\/12\/Curriculum-Divulgacion-3-e1738152511610.jpg 1645w, https:\/\/drporta.com\/wp-content\/uploads\/2024\/12\/Curriculum-Divulgacion-3-e1738152511610-300x181.jpg 300w, https:\/\/drporta.com\/wp-content\/uploads\/2024\/12\/Curriculum-Divulgacion-3-e1738152511610-1024x616.jpg 1024w, https:\/\/drporta.com\/wp-content\/uploads\/2024\/12\/Curriculum-Divulgacion-3-e1738152511610-768x462.jpg 768w, https:\/\/drporta.com\/wp-content\/uploads\/2024\/12\/Curriculum-Divulgacion-3-e1738152511610-1536x924.jpg 1536w\" sizes=\"(max-width: 1645px) 100vw, 1645px\" \/><\/div><h3>Publicaciones y Logros Acad\u00e9micos<\/h3><ul><li><strong>Editor en Jefe del Journal of Neurology and Neuroscience<\/strong>.<\/li><li>Miembro del <strong>comit\u00e9 editorial<\/strong> de m\u00faltiples revistas cient\u00edficas: <em>Headache Research and Treatment<\/em>, <em>Neurolog\u00eda<\/em>, <em>Revista de Neurolog\u00eda<\/em>, <em>Kranion<\/em>, <em>Neuroscience and History<\/em>, y <em>Lancet Neurology<\/em> (edici\u00f3n en castellano).<\/li><li><strong>Premio SEN Cefaleas<\/strong> por su destacada labor docente e investigadora en el campo de las cefaleas.<\/li><li>Autor de <strong>m\u00e1s de 200 art\u00edculos indexados<\/strong> en revistas nacionales e internacionales, as\u00ed como de m\u00e1s de 30 cap\u00edtulos y varios libros.<\/li><li>Organizador y <strong>ponente en numerosos congresos y reuniones internacionales<\/strong>.<\/li><li>Participaci\u00f3n en diversos <strong>estudios cl\u00ednicos y terap\u00e9uticos<\/strong>.<\/li><\/ul><h3>Actividades de Divulgaci\u00f3n Cient\u00edfica para el P\u00fablico General<\/h3><p>Colaboraciones en encuentros y actividades como:<\/p><ul><li><strong>Cerebro y Ciencias<\/strong> en Cosmocaixa.<\/li><li><strong>Literatura y Neurolog\u00eda<\/strong> en la Biblioteca Nacional.<\/li><li><strong>Creatividad y cerebro<\/strong> en el C\u00edrculo de Bellas Artes.<\/li><li><strong>Neurogastronom\u00eda y neurolog\u00eda de los sentidos<\/strong> en los Cursos de Verano de la UCM en El Escorial.<\/li><li><strong>Colaborador habitual en asociaciones de pacientes<\/strong>, donde es miembro de honor de varias.<\/li><li>Contribuy\u00f3 a la fundaci\u00f3n de la <strong>Asociaci\u00f3n de Pacientes de Parkinson (Taray)<\/strong> en el a\u00f1o 2000.<\/li><\/ul>\t\t\t\t\t\t\t\t<\/div>\n\t\t\t\t<\/div>\n\t\t\t\t\t<\/div>\n\t\t<\/div>\n\t\t\t\t\t<\/div>\n\t\t<\/section>\n\t\t\t\t<\/div>\n\t\t","protected":false},"excerpt":{"rendered":"<p>Soy licenciado en Medicina y Cirug\u00eda y doctor en Neurociencias por la Universidad Complutense de Madrid. Mi trayectoria profesional me ha permitido consolidarme como un referente en neurolog\u00eda cl\u00ednica, especialmente en \u00e1reas como las cefaleas, la neurooftalmolog\u00eda, neurotolog\u00eda y trastornos funcionales. Actualmente, tengo el honor de presidir la Sociedad Espa\u00f1ola de Neurolog\u00eda y ocupar la&hellip;<\/p>\n","protected":false},"author":1,"featured_media":0,"parent":0,"menu_order":0,"comment_status":"closed","ping_status":"closed","template":"","meta":{"footnotes":""},"class_list":["post-12499","page","type-page","status-publish","hentry"],"_links":{"self":[{"href":"https:\/\/drporta.com\/en\/wp-json\/wp\/v2\/pages\/12499","targetHints":{"allow":["GET"]}}],"collection":[{"href":"https:\/\/drporta.com\/en\/wp-json\/wp\/v2\/pages"}],"about":[{"href":"https:\/\/drporta.com\/en\/wp-json\/wp\/v2\/types\/page"}],"author":[{"embeddable":true,"href":"https:\/\/drporta.com\/en\/wp-json\/wp\/v2\/users\/1"}],"replies":[{"embeddable":true,"href":"https:\/\/drporta.com\/en\/wp-json\/wp\/v2\/comments?post=12499"}],"version-history":[{"count":1,"href":"https:\/\/drporta.com\/en\/wp-json\/wp\/v2\/pages\/12499\/revisions"}],"predecessor-version":[{"id":12500,"href":"https:\/\/drporta.com\/en\/wp-json\/wp\/v2\/pages\/12499\/revisions\/12500"}],"wp:attachment":[{"href":"https:\/\/drporta.com\/en\/wp-json\/wp\/v2\/media?parent=12499"}],"curies":[{"name":"wp","href":"https:\/\/api.w.org\/{rel}","templated":true}]}}